{"id":30130,"date":"2021-09-04T10:17:32","date_gmt":"2021-09-04T08:17:32","guid":{"rendered":"http:\/\/vilapolar.sk\/?page_id=30130"},"modified":"2025-09-18T12:09:29","modified_gmt":"2025-09-18T10:09:29","slug":"ranajky","status":"publish","type":"page","link":"https:\/\/vilapolar.sk\/en\/ranajky\/","title":{"rendered":"Breakfast"},"content":{"rendered":"<p>[et_pb_section fb_built=&#8221;1&#8243; admin_label=&#8221;Header&#8221; _builder_version=&#8221;4.9.7&#8243; use_background_color_gradient=&#8221;on&#8221; background_color_gradient_start=&#8221;rgba(255,255,255,0.89)&#8221; background_color_gradient_end=&#8221;rgba(255,255,255,0)&#8221; background_color_gradient_type=&#8221;radial&#8221; background_color_gradient_direction_radial=&#8221;top left&#8221; background_color_gradient_start_position=&#8221;30%&#8221; background_color_gradient_end_position=&#8221;80%&#8221; background_color_gradient_overlays_image=&#8221;on&#8221; background_image=&#8221;https:\/\/vilapolar.sk\/wp-content\/uploads\/2021\/09\/Photo-39-Big.jpg&#8221; background_blend=&#8221;multiply&#8221; custom_padding=&#8221;200px|0px|200px|0px|true|false&#8221;][et_pb_row _builder_version=&#8221;3.25&#8243;][et_pb_column type=&#8221;4_4&#8243; _builder_version=&#8221;3.25&#8243; custom_padding=&#8221;|||&#8221; custom_padding__hover=&#8221;|||&#8221;][et_pb_text _builder_version=&#8221;4.9.7&#8243; text_font=&#8221;||||||||&#8221; header_font=&#8221;Raleway Bold||||||||&#8221; header_text_color=&#8221;#FFFFFF&#8221; header_font_size=&#8221;80px&#8221; header_line_height=&#8221;1.2em&#8221; header_5_font=&#8221;Raleway Bold|700||on|||||&#8221; header_5_text_color=&#8221;#FFFFFF&#8221; header_5_font_size=&#8221;20px&#8221; header_5_letter_spacing=&#8221;0.5em&#8221; header_5_line_height=&#8221;1.8em&#8221; animation_style=&#8221;zoom&#8221; animation_intensity_zoom=&#8221;5%&#8221; header_font_size_tablet=&#8221;48px&#8221; header_font_size_phone=&#8221;32px&#8221; header_font_size_last_edited=&#8221;on|phone&#8221; header_5_font_size_tablet=&#8221;14px&#8221; header_5_font_size_phone=&#8221;12px&#8221; header_5_font_size_last_edited=&#8221;on|desktop&#8221;]<\/p>\n<h5>VILA POLAR<\/h5>\n<h1>Breakfast<\/h1>\n<p>[\/et_pb_text][\/et_pb_column][\/et_pb_row][\/et_pb_section][et_pb_section fb_built=&#8221;1&#8243; _builder_version=&#8221;4.9.7&#8243; background_color=&#8221;#ffffff&#8221;][et_pb_row _builder_version=&#8221;3.25&#8243;][et_pb_column type=&#8221;4_4&#8243; _builder_version=&#8221;3.25&#8243; custom_padding=&#8221;|||&#8221; custom_padding__hover=&#8221;|||&#8221;][et_pb_text _builder_version=&#8221;4.9.7&#8243; text_font=&#8221;Raleway|300|||||||&#8221; text_text_color=&#8221;#000000&#8243; text_font_size=&#8221;31px&#8221; text_letter_spacing=&#8221;1px&#8221; text_line_height=&#8221;1.8em&#8221; text_orientation=&#8221;center&#8221;]<\/p>\n<p>Of course you can enjoy our fresh, tasty and rich breakfast, buffet table at the lowest floor served daily from 7.30 to 9.30, at a price 10 EUR per person.<\/p>\n<p>[\/et_pb_text][\/et_pb_column][\/et_pb_row][\/et_pb_section][et_pb_section fb_built=&#8221;1&#8243; admin_label=&#8221;Room Details&#8221; _builder_version=&#8221;4.9.7&#8243; background_color=&#8221;#f2f2f2&#8243;][et_pb_row column_structure=&#8221;1_2,1_2&#8243; use_custom_gutter=&#8221;on&#8221; gutter_width=&#8221;2&#8243; _builder_version=&#8221;3.25&#8243; locked=&#8221;off&#8221;][et_pb_column type=&#8221;1_2&#8243; _builder_version=&#8221;3.25&#8243; custom_padding=&#8221;|||&#8221; custom_padding__hover=&#8221;|||&#8221;][et_pb_image src=&#8221;https:\/\/vilapolar.sk\/wp-content\/uploads\/2021\/09\/Photo-40-Small.jpg&#8221; title_text=&#8221;Cup of hot coffe&#8221; _builder_version=&#8221;4.9.7&#8243; _module_preset=&#8221;default&#8221;][\/et_pb_image][\/et_pb_column][et_pb_column type=&#8221;1_2&#8243; _builder_version=&#8221;3.25&#8243; custom_padding=&#8221;|||&#8221; custom_padding__hover=&#8221;|||&#8221;][et_pb_image src=&#8221;https:\/\/vilapolar.sk\/wp-content\/uploads\/2021\/09\/Photo-41-Small.jpg&#8221; title_text=&#8221;Photo 41 Small&#8221; show_in_lightbox=&#8221;on&#8221; use_overlay=&#8221;on&#8221; overlay_icon_color=&#8221;#b2b9c4&#8243; align_tablet=&#8221;center&#8221; align_phone=&#8221;&#8221; align_last_edited=&#8221;on|desktop&#8221; _builder_version=&#8221;4.9.7&#8243; locked=&#8221;off&#8221;][\/et_pb_image][\/et_pb_column][\/et_pb_row][\/et_pb_section]<\/p>\n","protected":false},"excerpt":{"rendered":"<p>[et_pb_section fb_built=&#8221;1&#8243; admin_label=&#8221;Header&#8221; _builder_version=&#8221;4.9.7&#8243; use_background_color_gradient=&#8221;on&#8221; background_color_gradient_start=&#8221;rgba(255,255,255,0.89)&#8221; background_color_gradient_end=&#8221;rgba(255,255,255,0)&#8221; background_color_gradient_type=&#8221;radial&#8221; background_color_gradient_direction_radial=&#8221;top left&#8221; background_color_gradient_start_position=&#8221;30%&#8221; background_color_gradient_end_position=&#8221;80%&#8221; background_color_gradient_overlays_image=&#8221;on&#8221; background_image=&#8221;https:\/\/vilapolar.sk\/wp-content\/uploads\/2021\/09\/Photo-39-Big.jpg&#8221; background_blend=&#8221;multiply&#8221; custom_padding=&#8221;200px|0px|200px|0px|true|false&#8221;][et_pb_row _builder_version=&#8221;3.25&#8243;][et_pb_column type=&#8221;4_4&#8243; _builder_version=&#8221;3.25&#8243; custom_padding=&#8221;|||&#8221; custom_padding__hover=&#8221;|||&#8221;][et_pb_text _builder_version=&#8221;4.9.7&#8243; text_font=&#8221;||||||||&#8221; header_font=&#8221;Raleway Bold||||||||&#8221; header_text_color=&#8221;#FFFFFF&#8221; header_font_size=&#8221;80px&#8221; header_line_height=&#8221;1.2em&#8221; header_5_font=&#8221;Raleway Bold|700||on|||||&#8221; header_5_text_color=&#8221;#FFFFFF&#8221; header_5_font_size=&#8221;20px&#8221; header_5_letter_spacing=&#8221;0.5em&#8221; header_5_line_height=&#8221;1.8em&#8221; animation_style=&#8221;zoom&#8221; animation_intensity_zoom=&#8221;5%&#8221; header_font_size_tablet=&#8221;48px&#8221; header_font_size_phone=&#8221;32px&#8221; header_font_size_last_edited=&#8221;on|phone&#8221; header_5_font_size_tablet=&#8221;14px&#8221; header_5_font_size_phone=&#8221;12px&#8221; header_5_font_size_last_edited=&#8221;on|desktop&#8221;] VILA POLAR Breakfast [\/et_pb_text][\/et_pb_column][\/et_pb_row][\/et_pb_section][et_pb_section fb_built=&#8221;1&#8243; _builder_version=&#8221;4.9.7&#8243; background_color=&#8221;#ffffff&#8221;][et_pb_row _builder_version=&#8221;3.25&#8243;][et_pb_column type=&#8221;4_4&#8243; _builder_version=&#8221;3.25&#8243; custom_padding=&#8221;|||&#8221; custom_padding__hover=&#8221;|||&#8221;][et_pb_text _builder_version=&#8221;4.9.7&#8243; [&hellip;]<\/p>\n","protected":false},"author":2,"featured_media":0,"parent":0,"menu_order":0,"comment_status":"closed","ping_status":"closed","template":"","meta":{"_et_pb_use_builder":"on","_et_pb_old_content":"[et_pb_section fb_built=\"1\" admin_label=\"Header\" _builder_version=\"4.9.7\" use_background_color_gradient=\"on\" background_color_gradient_start=\"rgba(255,255,255,0.89)\" background_color_gradient_end=\"rgba(255,255,255,0)\" background_color_gradient_type=\"radial\" background_color_gradient_direction_radial=\"top left\" background_color_gradient_start_position=\"30%\" background_color_gradient_end_position=\"80%\" background_color_gradient_overlays_image=\"on\" background_image=\"http:\/\/vilapolar.sk\/wp-content\/uploads\/2021\/09\/Photo-39-Big.jpg\" background_blend=\"multiply\" custom_padding=\"200px|0px|200px|0px|true|false\"][et_pb_row _builder_version=\"3.25\"][et_pb_column type=\"4_4\" _builder_version=\"3.25\" custom_padding=\"|||\" custom_padding__hover=\"|||\"][et_pb_text _builder_version=\"4.9.7\" text_font=\"||||||||\" header_font=\"Raleway Bold||||||||\" header_text_color=\"#FFFFFF\" header_font_size=\"80px\" header_line_height=\"1.2em\" header_5_font=\"Raleway Bold|700||on|||||\" header_5_text_color=\"#FFFFFF\" header_5_font_size=\"20px\" header_5_letter_spacing=\"0.5em\" header_5_line_height=\"1.8em\" animation_style=\"zoom\" animation_intensity_zoom=\"5%\" header_font_size_tablet=\"48px\" header_font_size_phone=\"32px\" header_font_size_last_edited=\"on|phone\" header_5_font_size_tablet=\"14px\" header_5_font_size_phone=\"12px\" header_5_font_size_last_edited=\"on|desktop\"]\n<h5>VILA POLAR<\/h5>\n<h1>Breakfast<\/h1>\n[\/et_pb_text][\/et_pb_column][\/et_pb_row][\/et_pb_section][et_pb_section fb_built=\"1\" _builder_version=\"4.9.7\" background_color=\"#ffffff\"][et_pb_row _builder_version=\"3.25\"][et_pb_column type=\"4_4\" _builder_version=\"3.25\" custom_padding=\"|||\" custom_padding__hover=\"|||\"][et_pb_text _builder_version=\"4.9.7\" text_font=\"Raleway|300|||||||\" text_text_color=\"#000000\" text_font_size=\"31px\" text_letter_spacing=\"1px\" text_line_height=\"1.8em\" text_orientation=\"center\"]\n\nOchutnajte na\u0161e \u010derstv\u00e9, pestr\u00e9 a bohat\u00e9 ra\u0148ajky, pod\u00e1van\u00e9 formou bufetov\u00fdch stolov denne od 7.30 do 9.30, v cene 7EUR na osobu.\n\n[\/et_pb_text][\/et_pb_column][\/et_pb_row][\/et_pb_section][et_pb_section fb_built=\"1\" admin_label=\"Room Details\" _builder_version=\"4.9.7\" background_color=\"#f2f2f2\"][et_pb_row column_structure=\"1_2,1_2\" use_custom_gutter=\"on\" gutter_width=\"2\" _builder_version=\"3.25\" locked=\"off\"][et_pb_column type=\"1_2\" _builder_version=\"3.25\" custom_padding=\"|||\" custom_padding__hover=\"|||\"][et_pb_image src=\"http:\/\/vilapolar.sk\/wp-content\/uploads\/2021\/09\/Photo-40-Small.jpg\" title_text=\"Cup of hot coffe\" _builder_version=\"4.9.7\" _module_preset=\"default\"][\/et_pb_image][\/et_pb_column][et_pb_column type=\"1_2\" _builder_version=\"3.25\" custom_padding=\"|||\" custom_padding__hover=\"|||\"][et_pb_image src=\"http:\/\/vilapolar.sk\/wp-content\/uploads\/2021\/09\/Photo-41-Small.jpg\" title_text=\"Photo 41 Small\" show_in_lightbox=\"on\" use_overlay=\"on\" overlay_icon_color=\"#b2b9c4\" align_tablet=\"center\" align_phone=\"\" align_last_edited=\"on|desktop\" _builder_version=\"4.9.7\" locked=\"off\"][\/et_pb_image][\/et_pb_column][\/et_pb_row][\/et_pb_section]","_et_gb_content_width":"","footnotes":""},"class_list":["post-30130","page","type-page","status-publish","hentry"],"_links":{"self":[{"href":"https:\/\/vilapolar.sk\/en\/wp-json\/wp\/v2\/pages\/30130","targetHints":{"allow":["GET"]}}],"collection":[{"href":"https:\/\/vilapolar.sk\/en\/wp-json\/wp\/v2\/pages"}],"about":[{"href":"https:\/\/vilapolar.sk\/en\/wp-json\/wp\/v2\/types\/page"}],"author":[{"embeddable":true,"href":"https:\/\/vilapolar.sk\/en\/wp-json\/wp\/v2\/users\/2"}],"replies":[{"embeddable":true,"href":"https:\/\/vilapolar.sk\/en\/wp-json\/wp\/v2\/comments?post=30130"}],"version-history":[{"count":6,"href":"https:\/\/vilapolar.sk\/en\/wp-json\/wp\/v2\/pages\/30130\/revisions"}],"predecessor-version":[{"id":30420,"href":"https:\/\/vilapolar.sk\/en\/wp-json\/wp\/v2\/pages\/30130\/revisions\/30420"}],"wp:attachment":[{"href":"https:\/\/vilapolar.sk\/en\/wp-json\/wp\/v2\/media?parent=30130"}],"curies":[{"name":"wp","href":"https:\/\/api.w.org\/{rel}","templated":true}]}}